{"id":76,"date":"2025-11-11T14:15:19","date_gmt":"2025-11-11T13:15:19","guid":{"rendered":"https:\/\/motocomfort.de\/wordpress\/produkt\/hi-fi-headphones\/"},"modified":"2025-11-28T09:06:51","modified_gmt":"2025-11-28T08:06:51","slug":"hi-fi-headphones","status":"publish","type":"product","link":"https:\/\/motocomfort.de\/wordpress\/produkt\/hi-fi-headphones\/","title":{"rendered":"Aviation Headphone"},"content":{"rendered":"<p>Shenzhen Luftfahrtzubeh\u00f6r &#8211; Professionelles PNR Headset Noise mit Ger\u00e4uschminderung.<br \/>\nStandardanschlu\u00df Klinke f\u00fcr Allgemeine Luftfahrt. L\u00e4nge 1,5m.<br \/>\nVon uns getestet und f\u00fcr gut befunden.<\/p>\n","protected":false},"excerpt":{"rendered":"<p>Shenzhen Luftfahrtzubeh\u00f6r &#8211; Professionelles PNR Headset Noise mit Ger\u00e4uschminderung. Standardanschlu\u00df Klinke f\u00fcr Allgemeine Luftfahrt. L\u00e4nge 1,5m. Von uns getestet und f\u00fcr gut befunden.<\/p>\n","protected":false},"featured_media":244,"template":"","meta":[],"product_brand":[],"product_cat":[40],"product_tag":[],"class_list":{"0":"post-76","1":"product","2":"type-product","3":"status-publish","4":"has-post-thumbnail","6":"product_cat-luftfahrtbereich","8":"first","9":"instock","10":"taxable","11":"shipping-taxable","12":"purchasable","13":"product-type-simple"},"jetpack_sharing_enabled":true,"_links":{"self":[{"href":"https:\/\/motocomfort.de\/wordpress\/wp-json\/wp\/v2\/product\/76","targetHints":{"allow":["GET"]}}],"collection":[{"href":"https:\/\/motocomfort.de\/wordpress\/wp-json\/wp\/v2\/product"}],"about":[{"href":"https:\/\/motocomfort.de\/wordpress\/wp-json\/wp\/v2\/types\/product"}],"wp:featuredmedia":[{"embeddable":true,"href":"https:\/\/motocomfort.de\/wordpress\/wp-json\/wp\/v2\/media\/244"}],"wp:attachment":[{"href":"https:\/\/motocomfort.de\/wordpress\/wp-json\/wp\/v2\/media?parent=76"}],"wp:term":[{"taxonomy":"product_brand","embeddable":true,"href":"https:\/\/motocomfort.de\/wordpress\/wp-json\/wp\/v2\/product_brand?post=76"},{"taxonomy":"product_cat","embeddable":true,"href":"https:\/\/motocomfort.de\/wordpress\/wp-json\/wp\/v2\/product_cat?post=76"},{"taxonomy":"product_tag","embeddable":true,"href":"https:\/\/motocomfort.de\/wordpress\/wp-json\/wp\/v2\/product_tag?post=76"}],"curies":[{"name":"wp","href":"https:\/\/api.w.org\/{rel}","templated":true}]}}