{"id":309,"date":"2025-12-09T13:20:09","date_gmt":"2025-12-09T12:20:09","guid":{"rendered":"https:\/\/motocomfort.de\/wordpress\/?post_type=product&#038;p=309"},"modified":"2025-12-10T07:12:23","modified_gmt":"2025-12-10T06:12:23","slug":"headset-halterungen-1-paar","status":"publish","type":"product","link":"https:\/\/motocomfort.de\/wordpress\/produkt\/headset-halterungen-1-paar\/","title":{"rendered":"Headset-Halterungen (1 Paar)"},"content":{"rendered":"<p><div style=\"width: 478px;\" class=\"wp-video\"><video class=\"wp-video-shortcode\" id=\"video-309-1\" width=\"478\" height=\"850\" preload=\"metadata\" controls=\"controls\"><source type=\"video\/mp4\" src=\"https:\/\/motocomfort.de\/wordpress\/wp-content\/uploads\/2025\/12\/Headset.mp4?_=1\" \/><a href=\"https:\/\/motocomfort.de\/wordpress\/wp-content\/uploads\/2025\/12\/Headset.mp4\">https:\/\/motocomfort.de\/wordpress\/wp-content\/uploads\/2025\/12\/Headset.mp4<\/a><\/video><\/div><br \/>\nEin Paar\/ Zwei St\u00fcck<br \/>\n3D-gedruckte Halterung f\u00fcr Flugzeug-Headsets<br \/>\nStabil, leicht und passend f\u00fcr g\u00e4ngige Aviation-Headsets<br \/>\nIdeal zur Montage an Rohren\/Holmen, Wand, Panel, Seitenwand oder im Hangar-Bereich<br \/>\nPerfekt f\u00fcr Piloten, Flugsch\u00fcler und alle Luftfahrtbegeisterten, die ihr Headset<br \/>\nordentlich, griffbereit und gut gesch\u00fctzt aufbewahren m\u00f6chten.<br \/>\nFarbe schwarz<\/p>\n","protected":false},"excerpt":{"rendered":"<p>3D-gedruckte Flugzeug-Headset-Halterungen (Zwei St\u00fcck\/ Ein Paar)<br \/>\nAufhangbereich drehbar mit Rastung (Kugelgelagert). Mit zwei R\u00fcckzugrollen f\u00fcr die Kabel. (Siehe Bilder)<br \/>\nDiese Halterung ist speziell f\u00fcr Flugzeug-Headsets entwickelt und sorgt f\u00fcr eine sichere, aufger\u00e4umte Aufbewahrung im Cockpit oder am Bodenarbeitsplatz. Sie bietet einen festen Platz f\u00fcr das Headset und hilft, Kabelsalat und Besch\u00e4digungen zu vermeiden. Siehe Video und beachte f\u00fcr Produktdetails den unteeren Text.<\/p>\n","protected":false},"featured_media":312,"template":"","meta":[],"product_brand":[],"product_cat":[40],"product_tag":[62,63,64],"class_list":{"0":"post-309","1":"product","2":"type-product","3":"status-publish","4":"has-post-thumbnail","6":"product_cat-luftfahrtbereich","7":"product_tag-flugfunk","8":"product_tag-kopfhoerer","9":"product_tag-mikrofon","11":"first","12":"instock","13":"taxable","14":"shipping-taxable","15":"purchasable","16":"product-type-simple"},"jetpack_sharing_enabled":true,"_links":{"self":[{"href":"https:\/\/motocomfort.de\/wordpress\/wp-json\/wp\/v2\/product\/309","targetHints":{"allow":["GET"]}}],"collection":[{"href":"https:\/\/motocomfort.de\/wordpress\/wp-json\/wp\/v2\/product"}],"about":[{"href":"https:\/\/motocomfort.de\/wordpress\/wp-json\/wp\/v2\/types\/product"}],"wp:featuredmedia":[{"embeddable":true,"href":"https:\/\/motocomfort.de\/wordpress\/wp-json\/wp\/v2\/media\/312"}],"wp:attachment":[{"href":"https:\/\/motocomfort.de\/wordpress\/wp-json\/wp\/v2\/media?parent=309"}],"wp:term":[{"taxonomy":"product_brand","embeddable":true,"href":"https:\/\/motocomfort.de\/wordpress\/wp-json\/wp\/v2\/product_brand?post=309"},{"taxonomy":"product_cat","embeddable":true,"href":"https:\/\/motocomfort.de\/wordpress\/wp-json\/wp\/v2\/product_cat?post=309"},{"taxonomy":"product_tag","embeddable":true,"href":"https:\/\/motocomfort.de\/wordpress\/wp-json\/wp\/v2\/product_tag?post=309"}],"curies":[{"name":"wp","href":"https:\/\/api.w.org\/{rel}","templated":true}]}}