{"id":293,"date":"2025-12-03T15:43:02","date_gmt":"2025-12-03T14:43:02","guid":{"rendered":"https:\/\/motocomfort.de\/wordpress\/?post_type=product&#038;p=293"},"modified":"2025-12-03T15:54:05","modified_gmt":"2025-12-03T14:54:05","slug":"halterung-fuer-actioncam-mit-schraubzwinge","status":"publish","type":"product","link":"https:\/\/motocomfort.de\/wordpress\/produkt\/halterung-fuer-actioncam-mit-schraubzwinge\/","title":{"rendered":"Halterung f\u00fcr ActionCam mit Schraubzwinge"},"content":{"rendered":"<p>Dieser Artikel ist vorl\u00e4ufig nur in schwarz liefferbar.<\/p>\n","protected":false},"excerpt":{"rendered":"<p>ActionCam Befestigung am Dashbord oder \u00fcberall wo \u00dcberh\u00e4nge<br \/>\ndie Montage m\u00f6glich machen, ohne dass gebohrt oder geklebt wird.<br \/>\nDrei verschiedene Andruckplatten f\u00fcr den sicheren Halt werden<br \/>\nmitgeliefert.<\/p>\n","protected":false},"featured_media":294,"template":"","meta":[],"product_brand":[],"product_cat":[40,39,41],"product_tag":[],"class_list":{"0":"post-293","1":"product","2":"type-product","3":"status-publish","4":"has-post-thumbnail","6":"product_cat-luftfahrtbereich","7":"product_cat-motorradbereich","8":"product_cat-sonstiges","10":"first","11":"instock","12":"taxable","13":"shipping-taxable","14":"purchasable","15":"product-type-simple"},"jetpack_sharing_enabled":true,"_links":{"self":[{"href":"https:\/\/motocomfort.de\/wordpress\/wp-json\/wp\/v2\/product\/293","targetHints":{"allow":["GET"]}}],"collection":[{"href":"https:\/\/motocomfort.de\/wordpress\/wp-json\/wp\/v2\/product"}],"about":[{"href":"https:\/\/motocomfort.de\/wordpress\/wp-json\/wp\/v2\/types\/product"}],"wp:featuredmedia":[{"embeddable":true,"href":"https:\/\/motocomfort.de\/wordpress\/wp-json\/wp\/v2\/media\/294"}],"wp:attachment":[{"href":"https:\/\/motocomfort.de\/wordpress\/wp-json\/wp\/v2\/media?parent=293"}],"wp:term":[{"taxonomy":"product_brand","embeddable":true,"href":"https:\/\/motocomfort.de\/wordpress\/wp-json\/wp\/v2\/product_brand?post=293"},{"taxonomy":"product_cat","embeddable":true,"href":"https:\/\/motocomfort.de\/wordpress\/wp-json\/wp\/v2\/product_cat?post=293"},{"taxonomy":"product_tag","embeddable":true,"href":"https:\/\/motocomfort.de\/wordpress\/wp-json\/wp\/v2\/product_tag?post=293"}],"curies":[{"name":"wp","href":"https:\/\/api.w.org\/{rel}","templated":true}]}}