{"id":246,"date":"2025-11-28T14:07:07","date_gmt":"2025-11-28T13:07:07","guid":{"rendered":"https:\/\/motocomfort.de\/wordpress\/?post_type=product&#038;p=246"},"modified":"2025-12-09T15:42:47","modified_gmt":"2025-12-09T14:42:47","slug":"rundfluggutschein","status":"publish","type":"product","link":"https:\/\/motocomfort.de\/wordpress\/produkt\/rundfluggutschein\/","title":{"rendered":"Rundfluggutschein"},"content":{"rendered":"<p><div style=\"width: 640px;\" class=\"wp-video\"><video class=\"wp-video-shortcode\" id=\"video-246-1\" width=\"640\" height=\"360\" preload=\"metadata\" controls=\"controls\"><source type=\"video\/mp4\" src=\"https:\/\/www.motocomfort.de\/plane\/images\/DMOAV_Colnrade.mp4?_=1\" \/><a href=\"https:\/\/www.motocomfort.de\/plane\/images\/DMOAV_Colnrade.mp4\">https:\/\/www.motocomfort.de\/plane\/images\/DMOAV_Colnrade.mp4<\/a><\/video><\/div><br \/>\nEs versteht sich, dass die Fl\u00fcge nur bei entsprechend gutem Wetter stattfinden k\u00f6nnen.<br \/>\nEin Anspruch auf einen festen Termin bzw. Datum ist daher leider nicht m\u00f6glich.<br \/>\nDie Savannah SR ist ein sogenanntes STOL Flugzeug. STOL = Short Takeoff and Landing.<br \/>\nDas kurze Video zeigt die Ankunft des Flugzeugs am Flugplatz COLNRADE bei Oldenburg.<\/p>\n","protected":false},"excerpt":{"rendered":"<p>Ein Flugzeug in motocomfort-racing-green? Nat\u00fcrlich gibt es das!<br \/>\nJeder Flug mit unserer I.C.P. Savannah SR, D-MOAV (motocomfort Aviation) ist ein besonderes Erlebnis.<br \/>\nIdeal auch als Geschenk! Wir erstellen dazu auf Wunsch auch ein Video. Bitte dazu im Shop nachsehen.<br \/>\nDer Artikel hei\u00dft &#8222;Video Deines Rundflugs&#8220;.<br \/>\nDie Rundfl\u00fcge dauern ab 30 Minuten bis zu zwei Stunden. L\u00e4ngere Fl\u00fcge oder Streckenfl\u00fcge auf Anfrage.<br \/>\nStart- und Landegeb\u00fchren der jeweiligen Flugpl\u00e4tze sind im Preis enthalten.<br \/>\nGeb\u00fchren f\u00fcr Starts und Landungen auf Flugh\u00e4fen sind unterschiedlich bepreist und nicht in den genannten Tarifen enthalten.<br \/>\nDiese Geb\u00fchren werden gesondert vom Flughafen erhoben.<br \/>\nLaut Betriebshandbuch darf das K\u00f6rpergewicht der Passagiere nicht \u00fcber 100 Kg betragen.<br \/>\nBitte w\u00e4hlen Sie den gew\u00fcnschten Gutschein aus:<\/p>\n","protected":false},"featured_media":272,"template":"","meta":[],"product_brand":[],"product_cat":[40,41],"product_tag":[],"class_list":{"0":"post-246","1":"product","2":"type-product","3":"status-publish","4":"has-post-thumbnail","6":"product_cat-luftfahrtbereich","7":"product_cat-sonstiges","9":"first","10":"instock","11":"taxable","12":"shipping-taxable","13":"purchasable","14":"product-type-variable"},"jetpack_sharing_enabled":true,"_links":{"self":[{"href":"https:\/\/motocomfort.de\/wordpress\/wp-json\/wp\/v2\/product\/246","targetHints":{"allow":["GET"]}}],"collection":[{"href":"https:\/\/motocomfort.de\/wordpress\/wp-json\/wp\/v2\/product"}],"about":[{"href":"https:\/\/motocomfort.de\/wordpress\/wp-json\/wp\/v2\/types\/product"}],"wp:featuredmedia":[{"embeddable":true,"href":"https:\/\/motocomfort.de\/wordpress\/wp-json\/wp\/v2\/media\/272"}],"wp:attachment":[{"href":"https:\/\/motocomfort.de\/wordpress\/wp-json\/wp\/v2\/media?parent=246"}],"wp:term":[{"taxonomy":"product_brand","embeddable":true,"href":"https:\/\/motocomfort.de\/wordpress\/wp-json\/wp\/v2\/product_brand?post=246"},{"taxonomy":"product_cat","embeddable":true,"href":"https:\/\/motocomfort.de\/wordpress\/wp-json\/wp\/v2\/product_cat?post=246"},{"taxonomy":"product_tag","embeddable":true,"href":"https:\/\/motocomfort.de\/wordpress\/wp-json\/wp\/v2\/product_tag?post=246"}],"curies":[{"name":"wp","href":"https:\/\/api.w.org\/{rel}","templated":true}]}}