{"id":65,"date":"2025-11-10T16:45:43","date_gmt":"2025-11-10T15:45:43","guid":{"rendered":"https:\/\/motocomfort.de\/wordpress\/impressum\/"},"modified":"2025-11-26T12:42:58","modified_gmt":"2025-11-26T11:42:58","slug":"impressum","status":"publish","type":"page","link":"https:\/\/motocomfort.de\/wordpress\/impressum\/","title":{"rendered":"Impressum"},"content":{"rendered":"<p><strong>Impressum der <\/strong><strong>motocomfort GbR<\/strong><\/p>\n<p>Vertretungsberechtigte(r) Gesellschafter: Bernd Kunert<\/p>\n<p>Altenberger-Dom-Str. 250<br \/>51467 Bergisch Gladbach<br \/>NRW\/DE<\/p>\n<p>Telefon: 0172 2300608<\/p>\n<p>Mail: motocomfort@emailn.de<\/p>\n<p>Umsatzsteuer-Identifikationsnummer(n):\u00a0 auf Nachfrage<\/p>\n<p>Zur Teilnahme an einem Streitbeilegungsverfahren vor einer Verbraucherschlichtungsstelle sind wir nicht verpflichtet und nicht bereit.<\/p>\n<p>Unser Unternehmen ist gem\u00e4\u00df den gesetzlichen Bestimmungen vom Anwendungsbereich der Barrierefreiheitsanforderungen und somit von der Pflicht zur Erstellung und Bereitstellung einer Barrierefreiheitserkl\u00e4rung ausgenommen.<\/p>\n<p style=\"text-align: center;\"><strong>Hinweise f\u00fcr Abmahnversuche<\/strong><\/p>\n<p><br \/>Sollte der Inhalt oder die Aufmachung dieser Seiten fremde Rechte Dritter oder gesetzliche Bestimmungen verletzen, so wird um eine entsprechende Nachricht ohne Kostennote gebeten. Die Beseitigung einer m\u00f6glicherweise von diesen Seiten ausgehenden Schutzrecht-Verletzung durch Schutzrecht-Inhaber selbst darf nicht ohne Zustimmung stattfinden. Es wird gew\u00e4hrleistet, dass die zu Recht beanstandeten Passagen unverz\u00fcglich entfernt werden, ohne dass Ihrerseits die Einschaltung eines Rechtsbeistandes erforderlich ist. Dennoch von Ihnen ohne vorherige Kontaktaufnahme ausgel\u00f6ste Kosten werden vollumf\u00e4nglich zur\u00fcckgewiesen und gegebenenfalls Gegenklage wegen Verletzung vorgenannter Bestimmungen eingereicht.<\/p>\n\n\n<p><\/p>\n","protected":false},"excerpt":{"rendered":"<p>Impressum der motocomfort GbR Vertretungsberechtigte(r) Gesellschafter: Bernd Kunert Altenberger-Dom-Str. 25051467 Bergisch GladbachNRW\/DE Telefon: 0172 2300608 Mail: motocomfort@emailn.de Umsatzsteuer-Identifikationsnummer(n):\u00a0 auf Nachfrage Zur Teilnahme an einem Streitbeilegungsverfahren vor einer Verbraucherschlichtungsstelle sind wir nicht verpflichtet und nicht bereit. Unser Unternehmen ist gem\u00e4\u00df den gesetzlichen Bestimmungen vom Anwendungsbereich der Barrierefreiheitsanforderungen und somit von der Pflicht zur Erstellung und Bereitstellung [&hellip;]<\/p>\n","protected":false},"author":1,"featured_media":0,"parent":0,"menu_order":0,"comment_status":"closed","ping_status":"closed","template":"","meta":{"footnotes":""},"class_list":["post-65","page","type-page","status-publish","hentry"],"jetpack_sharing_enabled":true,"_links":{"self":[{"href":"https:\/\/motocomfort.de\/wordpress\/wp-json\/wp\/v2\/pages\/65","targetHints":{"allow":["GET"]}}],"collection":[{"href":"https:\/\/motocomfort.de\/wordpress\/wp-json\/wp\/v2\/pages"}],"about":[{"href":"https:\/\/motocomfort.de\/wordpress\/wp-json\/wp\/v2\/types\/page"}],"author":[{"embeddable":true,"href":"https:\/\/motocomfort.de\/wordpress\/wp-json\/wp\/v2\/users\/1"}],"replies":[{"embeddable":true,"href":"https:\/\/motocomfort.de\/wordpress\/wp-json\/wp\/v2\/comments?post=65"}],"version-history":[{"count":5,"href":"https:\/\/motocomfort.de\/wordpress\/wp-json\/wp\/v2\/pages\/65\/revisions"}],"predecessor-version":[{"id":212,"href":"https:\/\/motocomfort.de\/wordpress\/wp-json\/wp\/v2\/pages\/65\/revisions\/212"}],"wp:attachment":[{"href":"https:\/\/motocomfort.de\/wordpress\/wp-json\/wp\/v2\/media?parent=65"}],"curies":[{"name":"wp","href":"https:\/\/api.w.org\/{rel}","templated":true}]}}